{"id":6315,"date":"2024-12-04T17:30:03","date_gmt":"2024-12-04T14:30:03","guid":{"rendered":"https:\/\/www.siptronix.com\/?page_id=6315"},"modified":"2024-12-04T18:50:49","modified_gmt":"2024-12-04T15:50:49","slug":"eura2021","status":"publish","type":"page","link":"https:\/\/www.siptronix.com\/fi\/eura2021\/","title":{"rendered":"EURA2021 hankeinfo"},"content":{"rendered":"<div data-section-type=\"fullwidth-background\" data-image-type=\"none\" data-full-height=\"no\" class=\"eut-section\"><div class=\"eut-row eut-bookmark\"><div class=\"wpb_column eut-column eut-column-1\"><h3 class=\"eut-element eut-align-left eut-title-no-line\" style=\"\"><span>Mukautuva katuvalaistus<\/span><\/h3><div class=\"eut-element eut-text vc_custom_1733327446493\"><p>Hankkeessa kehitet\u00e4\u00e4n mukautuvat katu- ja aluevalaistuksen ohjauslaitteet, joiden avulla julkiset ja yksityiset toimijat voivat v\u00e4hent\u00e4\u00e4 energiankulutustaan ja pienent\u00e4\u00e4 hiilijalanj\u00e4lke\u00e4\u00e4n. Ohjainlaitteita hallitaan Siptronix Oy:n <a href=\"https:\/\/portal.lightadmin.eu\/\" target=\"_blank\" rel=\"noopener\">LIGHTADMIN.EU<\/a> palveluportaalin kautta.<\/p>\n<\/div><\/div><\/div><div class=\"eut-bg-wrapper\"><\/div><\/div><div data-section-type=\"fullwidth-background\" data-image-type=\"none\" data-full-height=\"no\" class=\"eut-section\"><div class=\"eut-row eut-bookmark\"><div class=\"wpb_column eut-column eut-column-1-3\"><div class=\"eut-element eut-image eut-align-center\" style=\"\"><img width=\"4119\" height=\"919\" src=\"https:\/\/www.siptronix.com\/wp-content\/uploads\/2024\/12\/EN_Co-fundedbytheEU_RGB_POS.png\" class=\"attachment-full size-full\" alt=\"\" decoding=\"async\" loading=\"lazy\" srcset=\"https:\/\/www.siptronix.com\/wp-content\/uploads\/2024\/12\/EN_Co-fundedbytheEU_RGB_POS.png 4119w, https:\/\/www.siptronix.com\/wp-content\/uploads\/2024\/12\/EN_Co-fundedbytheEU_RGB_POS-300x67.png 300w, https:\/\/www.siptronix.com\/wp-content\/uploads\/2024\/12\/EN_Co-fundedbytheEU_RGB_POS-1024x228.png 1024w, https:\/\/www.siptronix.com\/wp-content\/uploads\/2024\/12\/EN_Co-fundedbytheEU_RGB_POS-768x171.png 768w, https:\/\/www.siptronix.com\/wp-content\/uploads\/2024\/12\/EN_Co-fundedbytheEU_RGB_POS-1536x343.png 1536w, https:\/\/www.siptronix.com\/wp-content\/uploads\/2024\/12\/EN_Co-fundedbytheEU_RGB_POS-18x4.png 18w, https:\/\/www.siptronix.com\/wp-content\/uploads\/2024\/12\/EN_Co-fundedbytheEU_RGB_POS-1920x428.png 1920w\" sizes=\"(max-width: 4119px) 100vw, 4119px\" \/><\/div><\/div><\/div><div class=\"eut-bg-wrapper\"><\/div><\/div>","protected":false},"excerpt":{"rendered":"Adaptive street lighting The project develops adaptive control devices for street and area lighting, with which public and private sectors can reduce their energy consumption and carbon footprint. The devices are managed through Siptronix Oy's LIGHTADMIN.EU service portal.","protected":false},"author":1,"featured_media":0,"parent":0,"menu_order":0,"comment_status":"closed","ping_status":"closed","template":"","meta":{"om_disable_all_campaigns":false,"_monsterinsights_skip_tracking":false,"_monsterinsights_sitenote_active":false,"_monsterinsights_sitenote_note":"","_monsterinsights_sitenote_category":0},"aioseo_notices":[],"_links":{"self":[{"href":"https:\/\/www.siptronix.com\/fi\/wp-json\/wp\/v2\/pages\/6315"}],"collection":[{"href":"https:\/\/www.siptronix.com\/fi\/wp-json\/wp\/v2\/pages"}],"about":[{"href":"https:\/\/www.siptronix.com\/fi\/wp-json\/wp\/v2\/types\/page"}],"author":[{"embeddable":true,"href":"https:\/\/www.siptronix.com\/fi\/wp-json\/wp\/v2\/users\/1"}],"replies":[{"embeddable":true,"href":"https:\/\/www.siptronix.com\/fi\/wp-json\/wp\/v2\/comments?post=6315"}],"version-history":[{"count":22,"href":"https:\/\/www.siptronix.com\/fi\/wp-json\/wp\/v2\/pages\/6315\/revisions"}],"predecessor-version":[{"id":6351,"href":"https:\/\/www.siptronix.com\/fi\/wp-json\/wp\/v2\/pages\/6315\/revisions\/6351"}],"wp:attachment":[{"href":"https:\/\/www.siptronix.com\/fi\/wp-json\/wp\/v2\/media?parent=6315"}],"curies":[{"name":"wp","href":"https:\/\/api.w.org\/{rel}","templated":true}]}}